{"id":57,"date":"2011-10-05T20:03:19","date_gmt":"2011-10-05T20:03:19","guid":{"rendered":"http:\/\/rasselbande-burscheid.de\/?page_id=57"},"modified":"2018-07-15T13:02:39","modified_gmt":"2018-07-15T13:02:39","slug":"leitbild-unser-bild-vom-kind","status":"publish","type":"page","link":"http:\/\/rasselbande-burscheid.de\/?page_id=57","title":{"rendered":"Unser Bild vom Kind"},"content":{"rendered":"<p><img loading=\"lazy\" class=\"alignleft\" title=\"Leitbild\" src=\"http:\/\/lh6.ggpht.com\/_H3cYQTGLgeU\/Si0WGHmQGjI\/AAAAAAAAAk8\/eMCaz2HWnwg\/s576\/027.JPG\" alt=\"\" width=\"346\" height=\"230\" \/>Ein Kind ist kein Gef\u00e4\u00df, das gef\u00fcllt, sondern ein Feuer, das entz\u00fcndet werden will!<\/p>\n<p>Das Kind st\u00f6\u00dft jeden Tag auf etwas Neues, erlebt Unbekanntes und begegnet Interessantem\u2026 Es ist neugierig auf das alles und m\u00f6chte es begreifen, verstehen, erfahren.<\/p>\n<p>Kinder sind eigene Pers\u00f6nlichkeiten, die mit ihren Eigenheiten angenommen und verstanden werden. Wir unterst\u00fctzen sie dabei, sich zu entwickeln, selbst\u00e4ndig und selbstbewusst zu werden.<\/p>\n<p>Wir geben Kindern die M\u00f6glichkeit, eigene Erfahrungen zu machen, sich der Umwelt auf ihre Art zu n\u00e4hern und sie sich zu erschlie\u00dfen.<\/p>\n<p>Die Kinder werden von uns Erzieherinnen respektiert und liebevoll betreut, in allem, was sie jeden Tag hierher mitbringen. Sie lernen, dass sie mit ihren Gef\u00fchlen wahrgenommen und verstanden werden, lernen einen respektvollen Umgang mit ihren Mitmenschen und entwickeln sich dadurch zu selbstbewussten Pers\u00f6nlichkeiten.<\/p>\n<p>Die Geborgenheit und Sicherheit der Einrichtung erm\u00f6glicht den Kindern, ihre eigenen Grenzen zu testen und sich mutig auf Neues einzulassen. Sie wissen, dass sie den R\u00fcckhalt der Bezugspersonen haben und trauen sich auch auf etwas Unbekanntes zu zugehen.<\/p>\n<p>Sie nehmen die Herausforderung an, das zu erforschen, was sie interessiert.<\/p>\n<p>Genaue Beobachtungen und wirkliches Interesse an den Kindern erm\u00f6glicht uns, zu erfahren, was die Kinder besch\u00e4ftigt, wie sie sich f\u00fchlen und was sie wissen m\u00f6chten. Diese Dinge werden aufgegriffen und von den Erzieherinnen unterst\u00fctzt, gef\u00f6rdert und begleitet.<br \/>\nEin Kind, das ermuntert wird, lernt Selbstvertrauen.<\/p>\n<p>Ein Kind, das Freundlichkeit erf\u00e4hrt, lernt Freundschaft.<\/p>\n<p>Ein Kind, das Ehrlichkeit erlebt, lernt, was Wahrheit ist.<\/p>\n<p>Ein Kind, das Sicherheit erf\u00e4hrt, lernt Vertrauen.<\/p>\n<p>Ein Kind, das Geborgenheit erleben darf, lernt Liebe zu empfinden.<\/p>\n<p>(Autor unbekannt)<\/p>\n","protected":false},"excerpt":{"rendered":"<p>Ein Kind ist kein Gef\u00e4\u00df, das gef\u00fcllt, sondern ein Feuer, das entz\u00fcndet werden will! Das Kind st\u00f6\u00dft jeden Tag auf etwas Neues, erlebt Unbekanntes und begegnet Interessantem\u2026 Es ist neugierig auf das alles und m\u00f6chte es begreifen, verstehen, erfahren. Kinder sind eigene Pers\u00f6nlichkeiten, die mit ihren Eigenheiten angenommen und verstanden werden. Wir unterst\u00fctzen sie dabei, [&hellip;]<\/p>\n","protected":false},"author":1,"featured_media":0,"parent":15,"menu_order":2,"comment_status":"closed","ping_status":"closed","template":"","meta":[],"_links":{"self":[{"href":"http:\/\/rasselbande-burscheid.de\/index.php?rest_route=\/wp\/v2\/pages\/57"}],"collection":[{"href":"http:\/\/rasselbande-burscheid.de\/index.php?rest_route=\/wp\/v2\/pages"}],"about":[{"href":"http:\/\/rasselbande-burscheid.de\/index.php?rest_route=\/wp\/v2\/types\/page"}],"author":[{"embeddable":true,"href":"http:\/\/rasselbande-burscheid.de\/index.php?rest_route=\/wp\/v2\/users\/1"}],"replies":[{"embeddable":true,"href":"http:\/\/rasselbande-burscheid.de\/index.php?rest_route=%2Fwp%2Fv2%2Fcomments&post=57"}],"version-history":[{"count":6,"href":"http:\/\/rasselbande-burscheid.de\/index.php?rest_route=\/wp\/v2\/pages\/57\/revisions"}],"predecessor-version":[{"id":1925,"href":"http:\/\/rasselbande-burscheid.de\/index.php?rest_route=\/wp\/v2\/pages\/57\/revisions\/1925"}],"up":[{"embeddable":true,"href":"http:\/\/rasselbande-burscheid.de\/index.php?rest_route=\/wp\/v2\/pages\/15"}],"wp:attachment":[{"href":"http:\/\/rasselbande-burscheid.de\/index.php?rest_route=%2Fwp%2Fv2%2Fmedia&parent=57"}],"curies":[{"name":"wp","href":"https:\/\/api.w.org\/{rel}","templated":true}]}}