{"id":59,"date":"2011-10-05T20:03:29","date_gmt":"2011-10-05T20:03:29","guid":{"rendered":"http:\/\/rasselbande-burscheid.de\/?page_id=59"},"modified":"2018-07-15T13:02:39","modified_gmt":"2018-07-15T13:02:39","slug":"rahmenbedingungen","status":"publish","type":"page","link":"http:\/\/rasselbande-burscheid.de\/?page_id=59","title":{"rendered":"Rahmenbedingungen"},"content":{"rendered":"<p><img loading=\"lazy\" class=\"alignleft\" title=\"Die Geschichte der Rasselbande\" src=\"http:\/\/lh5.ggpht.com\/_H3cYQTGLgeU\/Si0WaYeCXII\/AAAAAAAAAnc\/bQZo7BnvSBY\/033.JPG\" alt=\"\" width=\"384\" height=\"256\" \/>Die Geschichte der Rasselbande<\/p>\n<p>1986 wurde der Kindergarten als Privatinitiative durch Eltern gegr\u00fcndet. Er war die erste Einrichtung dieser Art in Burscheid. Damals bestand die Rasselbande aus zwei Gruppen: Einer &#8222;kleinen altersgemischten Gruppe&#8220;, den W\u00fchlm\u00e4usen, mit 15 Kindern unter drei Jahren und einer Kindergartengruppe, den Sternschnuppen, mit 25 Kindern ab drei Jahren bis zum Schuleintritt.<\/p>\n<p>Da weitaus mehr Anmeldungen eingingen, als Kinder in den Kindergarten aufgenommen werden konnten, wurde im Jahre 1989 ein weiteres Geb\u00e4ude bezugsfertig. Dieses sollte eine weitere &#8222;kleine altersgemischte Gruppe&#8220; beherbergen, die sich &#8222;kleine Strolche&#8220; nannte.<\/p>\n<p>Einige Jahre sp\u00e4ter wurde diese in eine &#8222;gro\u00dfe altersgemischte Gruppe&#8220; umgewandelt, in welcher neben 10 Kindergartenkindern ab drei Jahren, 10 Hortkinder nach Schulschluss betreut werden konnten.<\/p>\n<p>Im Sommer 2006 wurde aus dieser Gruppenform eine &#8222;17er Gruppe&#8220;, in der von 17 Kindern f\u00fcnf Zweij\u00e4hrige unterkommen konnten. Die Gruppenst\u00e4rke wurde sp\u00e4ter auf 20 Kinder erh\u00f6ht.<\/p>\n<p>Im Jahre 2007 wurde ein weiteres Geb\u00e4ude angemietet, in dem im November des Jahres die vierte Gruppe entstanden ist. Dort werden ebenfalls 20 Kinder im Alter von 2-6 Jahren betreut. Die W\u00fchlmaus-Gruppe wurde ab dem Sommer 2008 umgewandelt in eine Krippengruppe f\u00fcr 10 Kinder von 0-3 Jahren. Somit bietet die Rasselbande seit August 2008 75 Kindern einen Betreuungsplatz.<\/p>\n<p>Das Team der Rasselbande setzt sich zusammen aus einer freigestellten Leitung, 10 Erzieherinnen (f\u00fcnf davon arbeiten stundenreduziert), einer Kinderpflegerin und einer Berufspraktikantin. Eine K\u00f6chin, zwei 1\u20ac Kr\u00e4fte und 3 Reinigungskr\u00e4fte vervollst\u00e4ndigen das Team der Einrichtung.<\/p>\n<p>Aktuelles Gruppenangebot ab August 2008<\/p>\n<ul>\n<li>Die &#8222;W\u00fchlm\u00e4use&#8220;, 10 Kinder im Alter von 0-3 Jahren<\/li>\n<li>Die &#8222;Strolche&#8220;, 20 Kinder von 2 Jahren bis zum Schuleintritt<\/li>\n<li>Die &#8222;Wichtel&#8220;, 20 Kinder von 2 Jahren bis zum Schuleintritt<\/li>\n<li>Die &#8222;Sternschnuppen&#8220;, 25 Kinder von 3 Jahren bis zum Schuleintritt<\/li>\n<\/ul>\n<p><strong>\u00d6ffnungszeiten<\/strong><\/p>\n<p>Montag &#8211; Freitag: 7.00 Uhr bis 17.00 Uhr<\/p>\n<p>Von 07.00 Uhr bis 08.00 Uhr werden die Kinder gemeinsam in einer Fr\u00fch- und von 15.00 Uhr bis 17.00 Uhr in einer Sp\u00e4tgruppe von zwei Erzieherinnen betreut.<\/p>\n","protected":false},"excerpt":{"rendered":"<p>Die Geschichte der Rasselbande 1986 wurde der Kindergarten als Privatinitiative durch Eltern gegr\u00fcndet. Er war die erste Einrichtung dieser Art in Burscheid. Damals bestand die Rasselbande aus zwei Gruppen: Einer &#8222;kleinen altersgemischten Gruppe&#8220;, den W\u00fchlm\u00e4usen, mit 15 Kindern unter drei Jahren und einer Kindergartengruppe, den Sternschnuppen, mit 25 Kindern ab drei Jahren bis zum Schuleintritt. [&hellip;]<\/p>\n","protected":false},"author":1,"featured_media":0,"parent":15,"menu_order":3,"comment_status":"closed","ping_status":"closed","template":"","meta":[],"_links":{"self":[{"href":"http:\/\/rasselbande-burscheid.de\/index.php?rest_route=\/wp\/v2\/pages\/59"}],"collection":[{"href":"http:\/\/rasselbande-burscheid.de\/index.php?rest_route=\/wp\/v2\/pages"}],"about":[{"href":"http:\/\/rasselbande-burscheid.de\/index.php?rest_route=\/wp\/v2\/types\/page"}],"author":[{"embeddable":true,"href":"http:\/\/rasselbande-burscheid.de\/index.php?rest_route=\/wp\/v2\/users\/1"}],"replies":[{"embeddable":true,"href":"http:\/\/rasselbande-burscheid.de\/index.php?rest_route=%2Fwp%2Fv2%2Fcomments&post=59"}],"version-history":[{"count":7,"href":"http:\/\/rasselbande-burscheid.de\/index.php?rest_route=\/wp\/v2\/pages\/59\/revisions"}],"predecessor-version":[{"id":185,"href":"http:\/\/rasselbande-burscheid.de\/index.php?rest_route=\/wp\/v2\/pages\/59\/revisions\/185"}],"up":[{"embeddable":true,"href":"http:\/\/rasselbande-burscheid.de\/index.php?rest_route=\/wp\/v2\/pages\/15"}],"wp:attachment":[{"href":"http:\/\/rasselbande-burscheid.de\/index.php?rest_route=%2Fwp%2Fv2%2Fmedia&parent=59"}],"curies":[{"name":"wp","href":"https:\/\/api.w.org\/{rel}","templated":true}]}}