{"id":65,"date":"2011-10-05T20:04:00","date_gmt":"2011-10-05T20:04:00","guid":{"rendered":"http:\/\/rasselbande-burscheid.de\/?page_id=65"},"modified":"2018-07-15T13:02:39","modified_gmt":"2018-07-15T13:02:39","slug":"gruppenubergreifende-arbeit","status":"publish","type":"page","link":"http:\/\/rasselbande-burscheid.de\/?page_id=65","title":{"rendered":"Gruppen\u00fcbergreifend"},"content":{"rendered":"<p><img loading=\"lazy\" class=\"alignleft\" title=\"Gruppen\u00fcbergreifendes Arbeiten\" src=\"http:\/\/lh3.ggpht.com\/_H3cYQTGLgeU\/SjvaxZpy0FI\/AAAAAAAAA_M\/W9sdQ9DBxCw\/s512\/P1000422.JPG\" alt=\"\" width=\"307\" height=\"230\" \/>Ein wichtiges Merkmal unserer Kindertagesst\u00e4ttenarbeit ist das gruppen\u00fcbergreifende Arbeiten. Es ist uns wichtig, dass die vier Gruppen nicht nur isoliert bestehen. Wir bieten in unserer Einrichtung erg\u00e4nzend zu der Gruppenarbeit Spiel und Lernm\u00f6glichkeiten an. Die Kinder haben somit die M\u00f6glichkeit die Einrichtung ganzheitlich zu erleben.<\/p>\n<p>Gruppen\u00fcbergreifende Arbeit erleben die Kinder als:<\/p>\n<ul>\n<li>Aktivit\u00e4ten, an denen Kinder aus verschiedenen Gruppen teilnehmen k\u00f6nnen<\/li>\n<li>Wechselnde AGs (z.B. Musik AG, Teich AG, Experimente AG u.v.m.)<\/li>\n<li>Waldtag<\/li>\n<li>Schwimmkurs<\/li>\n<li>Maxigruppe<\/li>\n<li>Gemeinsames Spiel im Garten<\/li>\n<li>Gegenseitige Besuche der Kinder in den Gruppen<\/li>\n<li>Gemeinsame Ausfl\u00fcge und Feste<\/li>\n<\/ul>\n<p>Das bedeutet einerseits f\u00fcr die Erzieherin viel Spontaneit\u00e4t und Flexibilit\u00e4t. Andererseits bietet diese Form der Zusammenarbeit die M\u00f6glichkeit, dass sich jede mit ihren St\u00e4rken einbringen kann und man sich gegenseitig erg\u00e4nzt und unterst\u00fctzt. Nicht zuletzt ist es eine Hilfe, dass mehrere Fachkr\u00e4fte ein Kind erleben und so in einen qualifizierten p\u00e4dagogischen Austausch treten k\u00f6nnen.<\/p>\n","protected":false},"excerpt":{"rendered":"<p>Ein wichtiges Merkmal unserer Kindertagesst\u00e4ttenarbeit ist das gruppen\u00fcbergreifende Arbeiten. Es ist uns wichtig, dass die vier Gruppen nicht nur isoliert bestehen. Wir bieten in unserer Einrichtung erg\u00e4nzend zu der Gruppenarbeit Spiel und Lernm\u00f6glichkeiten an. Die Kinder haben somit die M\u00f6glichkeit die Einrichtung ganzheitlich zu erleben. Gruppen\u00fcbergreifende Arbeit erleben die Kinder als: Aktivit\u00e4ten, an denen Kinder [&hellip;]<\/p>\n","protected":false},"author":1,"featured_media":0,"parent":15,"menu_order":6,"comment_status":"closed","ping_status":"closed","template":"","meta":[],"_links":{"self":[{"href":"http:\/\/rasselbande-burscheid.de\/index.php?rest_route=\/wp\/v2\/pages\/65"}],"collection":[{"href":"http:\/\/rasselbande-burscheid.de\/index.php?rest_route=\/wp\/v2\/pages"}],"about":[{"href":"http:\/\/rasselbande-burscheid.de\/index.php?rest_route=\/wp\/v2\/types\/page"}],"author":[{"embeddable":true,"href":"http:\/\/rasselbande-burscheid.de\/index.php?rest_route=\/wp\/v2\/users\/1"}],"replies":[{"embeddable":true,"href":"http:\/\/rasselbande-burscheid.de\/index.php?rest_route=%2Fwp%2Fv2%2Fcomments&post=65"}],"version-history":[{"count":11,"href":"http:\/\/rasselbande-burscheid.de\/index.php?rest_route=\/wp\/v2\/pages\/65\/revisions"}],"predecessor-version":[{"id":1926,"href":"http:\/\/rasselbande-burscheid.de\/index.php?rest_route=\/wp\/v2\/pages\/65\/revisions\/1926"}],"up":[{"embeddable":true,"href":"http:\/\/rasselbande-burscheid.de\/index.php?rest_route=\/wp\/v2\/pages\/15"}],"wp:attachment":[{"href":"http:\/\/rasselbande-burscheid.de\/index.php?rest_route=%2Fwp%2Fv2%2Fmedia&parent=65"}],"curies":[{"name":"wp","href":"https:\/\/api.w.org\/{rel}","templated":true}]}}