{"id":17,"date":"2011-10-05T19:59:10","date_gmt":"2011-10-05T19:59:10","guid":{"rendered":"http:\/\/rasselbande-burscheid.de\/?page_id=17"},"modified":"2024-08-29T10:16:33","modified_gmt":"2024-08-29T10:16:33","slug":"verein-satzung","status":"publish","type":"page","link":"https:\/\/rasselbande-burscheid.de\/?page_id=17","title":{"rendered":"Verein \/ Satzung"},"content":{"rendered":"<p>Der Verein Rasselbande Burscheid e.V. wurde 1986 als Privatinitiative durch Eltern gegr\u00fcndet. Er war die erste Einrichtung dieser Art in Burscheid.<\/p>\n<p>Die Gremien des Vereins sind: Vorstand (bestehend aus mind. 5, max. 7 aktiven Mitgliedern) Elternrat (bestehend aus 2 Vertretern pro Gruppe, also 8 Personen)<\/p>\n<p>Dem Vorstand obliegt die gesamte Vereinsf\u00fchrung, er ist somit Tr\u00e4ger der Einrichtung. Damit \u00fcbernimmt er auch Arbeitgeberfunktion gegen\u00fcber unseren Mitarbeitern.<\/p>\n<p>Die direkt an die\u00a0Rasselbande e.V.\u00a0zu entrichtenden Kostenbeitr\u00e4ge gliedern sich aktuell wie folgt:<\/p>\n<p>Beitr\u00e4ge f\u00fcr Vereinsmitglieder:<\/p>\n<ul>\n<li>Mitgliedsbeitrag im Verein: 160 \u20ac pro Jahr pro Elternpaar<\/li>\n<li>Tr\u00e4geranteil (Anteil des Vereins an den Betriebskosten) : 120 \u20ac pro Jahr pro Kind<\/li>\n<\/ul>\n<p>Beitr\u00e4ge f\u00fcr Essens-Verpflegung im Kindergarten:<\/p>\n<ul>\n<li>Essensgeld: 3,80 \u20ac pro Mittagsmahlzeit pro Kind<\/li>\n<li>Fr\u00fchst\u00fccksgeld: 10 \u20ac pro Monat pro Kind<\/li>\n<\/ul>\n<p><a href=\"http:\/\/rasselbande-burscheid.de\/wp-content\/uploads\/2024\/08\/M02-Anlage-2-Arbeitsstundenkonzept-der-Rasselbande-2023.pdf\" target=\"_blank\" rel=\"noopener\">Arbeitsstundenkonzept (PDF)<\/a><\/p>\n<p><a href=\"http:\/\/rasselbande-burscheid.de\/wp-content\/uploads\/2022\/02\/2021_Satzung-2021.pdf\" target=\"_blank\" rel=\"noopener\">Satzung des Vereins \u201cElterninitiative Rasselbande Burscheid e. V.\u201d (PDF)<\/a><\/p>\n<p><a href=\"http:\/\/rasselbande-burscheid.de\/wp-content\/uploads\/2011\/10\/Satzung.pdf\">\u00a0<\/a><\/p>\n","protected":false},"excerpt":{"rendered":"<p>Der Verein Rasselbande Burscheid e.V. wurde 1986 als Privatinitiative durch Eltern gegr\u00fcndet. Er war die erste Einrichtung dieser Art in Burscheid. Die Gremien des Vereins sind: Vorstand (bestehend aus mind. 5, max. 7 aktiven Mitgliedern) Elternrat (bestehend aus 2 Vertretern pro Gruppe, also 8 Personen) Dem Vorstand obliegt die gesamte Vereinsf\u00fchrung, er ist somit Tr\u00e4ger [&hellip;]<\/p>\n","protected":false},"author":1,"featured_media":0,"parent":0,"menu_order":7,"comment_status":"closed","ping_status":"closed","template":"","meta":[],"_links":{"self":[{"href":"https:\/\/rasselbande-burscheid.de\/index.php?rest_route=\/wp\/v2\/pages\/17"}],"collection":[{"href":"https:\/\/rasselbande-burscheid.de\/index.php?rest_route=\/wp\/v2\/pages"}],"about":[{"href":"https:\/\/rasselbande-burscheid.de\/index.php?rest_route=\/wp\/v2\/types\/page"}],"author":[{"embeddable":true,"href":"https:\/\/rasselbande-burscheid.de\/index.php?rest_route=\/wp\/v2\/users\/1"}],"replies":[{"embeddable":true,"href":"https:\/\/rasselbande-burscheid.de\/index.php?rest_route=%2Fwp%2Fv2%2Fcomments&post=17"}],"version-history":[{"count":19,"href":"https:\/\/rasselbande-burscheid.de\/index.php?rest_route=\/wp\/v2\/pages\/17\/revisions"}],"predecessor-version":[{"id":2105,"href":"https:\/\/rasselbande-burscheid.de\/index.php?rest_route=\/wp\/v2\/pages\/17\/revisions\/2105"}],"wp:attachment":[{"href":"https:\/\/rasselbande-burscheid.de\/index.php?rest_route=%2Fwp%2Fv2%2Fmedia&parent=17"}],"curies":[{"name":"wp","href":"https:\/\/api.w.org\/{rel}","templated":true}]}}