{"id":2085,"date":"2024-08-28T09:19:17","date_gmt":"2024-08-28T09:19:17","guid":{"rendered":"http:\/\/rasselbande-burscheid.de\/?page_id=2085"},"modified":"2026-04-07T18:50:04","modified_gmt":"2026-04-07T18:50:04","slug":"anmeldung-und-aufnahmeverfahren","status":"publish","type":"page","link":"https:\/\/rasselbande-burscheid.de\/?page_id=2085","title":{"rendered":"Anmeldung und Aufnahmeverfahren"},"content":{"rendered":"\n<p>Kita- Pl\u00e4tze werden (in der Regel) zum 01.08. eines Jahres vergeben.<\/p>\n\n\n\n<p>Die Anmeldung f\u00fcr unsere Kita k\u00f6nnen Sie \u00fcber das Portal Little Bird vornehmen:<\/p>\n\n\n\n<p><a href=\"https:\/\/portal.little-bird.de\/RBK\/Elterninitiative-Rasselbande\" target=\"_blank\" rel=\"noreferrer noopener\">https:\/\/portal.little-bird.de\/RBK\/Elterninitiative-Rasselbande<\/a><\/p>\n\n\n\n<p>Einen Eindruck \u00fcber die Kita und unsere p\u00e4dagogische Arbeit k\u00f6nnen Sie sich bei einer Informationsveranstaltung in unseren R\u00e4umlichkeiten verschaffen. Dazu bieten wir im Regelfall am 1. und 3. Freitag eines Monats jeweils um 14:00 Uhr einen Kennenlerntermin in Kleingruppen an. Bitte vereinbaren Sie dazu telefonisch einen Termin mit uns.<\/p>\n\n\n\n<p>Schon vor der Anmeldung ihres Kindes sollten Sie bedenken, dass eine Elternintiative mit zus\u00e4tzlichen Verpflichtungen verbunden ist. Diese bestehen aus zus\u00e4tzlich erhobenen Beitr\u00e4gen (Mitgliedsbeitrag und Tr\u00e4geranteil) und zu leistenden Elternstunden (10 Stunden im Jahr pro Elternteil \/ 20 Stunden pro Familie).<\/p>\n\n\n\n<p>Im November jeden Jahres w\u00e4hlen wir die Kinder f\u00fcr den darauffolgenden August ensprechend unserer Aufnahmekriterien aus.<\/p>\n\n\n\n<p>Ab dem 01.02. des Jahres vor der Aufnahme bekommen die Familien, die wir aufnehmen k\u00f6nnen, die Zusage \u00fcber Little Bird.<\/p>\n\n\n\n<p><\/p>\n\n\n\n<p><\/p>\n","protected":false},"excerpt":{"rendered":"<p>Kita- Pl\u00e4tze werden (in der Regel) zum 01.08. eines Jahres vergeben. Die Anmeldung f\u00fcr unsere Kita k\u00f6nnen Sie \u00fcber das Portal Little Bird vornehmen: https:\/\/portal.little-bird.de\/RBK\/Elterninitiative-Rasselbande Einen Eindruck \u00fcber die Kita und unsere p\u00e4dagogische Arbeit k\u00f6nnen Sie sich bei einer Informationsveranstaltung in unseren R\u00e4umlichkeiten verschaffen. Dazu bieten wir im Regelfall am 1. und 3. Freitag eines [&hellip;]<\/p>\n","protected":false},"author":1,"featured_media":0,"parent":0,"menu_order":0,"comment_status":"closed","ping_status":"closed","template":"","meta":[],"_links":{"self":[{"href":"https:\/\/rasselbande-burscheid.de\/index.php?rest_route=\/wp\/v2\/pages\/2085"}],"collection":[{"href":"https:\/\/rasselbande-burscheid.de\/index.php?rest_route=\/wp\/v2\/pages"}],"about":[{"href":"https:\/\/rasselbande-burscheid.de\/index.php?rest_route=\/wp\/v2\/types\/page"}],"author":[{"embeddable":true,"href":"https:\/\/rasselbande-burscheid.de\/index.php?rest_route=\/wp\/v2\/users\/1"}],"replies":[{"embeddable":true,"href":"https:\/\/rasselbande-burscheid.de\/index.php?rest_route=%2Fwp%2Fv2%2Fcomments&post=2085"}],"version-history":[{"count":9,"href":"https:\/\/rasselbande-burscheid.de\/index.php?rest_route=\/wp\/v2\/pages\/2085\/revisions"}],"predecessor-version":[{"id":2134,"href":"https:\/\/rasselbande-burscheid.de\/index.php?rest_route=\/wp\/v2\/pages\/2085\/revisions\/2134"}],"wp:attachment":[{"href":"https:\/\/rasselbande-burscheid.de\/index.php?rest_route=%2Fwp%2Fv2%2Fmedia&parent=2085"}],"curies":[{"name":"wp","href":"https:\/\/api.w.org\/{rel}","templated":true}]}}