{"id":21,"date":"2011-10-05T19:59:26","date_gmt":"2011-10-05T19:59:26","guid":{"rendered":"http:\/\/rasselbande-burscheid.de\/?page_id=21"},"modified":"2018-11-30T11:14:31","modified_gmt":"2018-11-30T11:14:31","slug":"vorstand","status":"publish","type":"page","link":"https:\/\/rasselbande-burscheid.de\/?page_id=21","title":{"rendered":"Vorstand"},"content":{"rendered":"<p>Der Vorstand der Rasselbande ist ein von der Mitgliederversammlung gew\u00e4hltes Gremium. Er setzt sich aus 5 bis 7 aktiven Vereinsmitgliedern zusammen. Die Mitglieder werden f\u00fcr eine Amtszeit von 2 Jahren gew\u00e4hlt. Die Amtszeit der Vorst\u00e4nde ist so verteilt, dass immer nur bestimmte Personen\/\u00c4mter zur Neuwahl anstehen. Dies ist f\u00fcr den Kindergarten unerl\u00e4sslich, um eine m\u00f6glichst gro\u00dfe Kontinuit\u00e4t zu gew\u00e4hrleisten.<\/p>\n<p>Dem Vorstand obliegt die gesamte Vereinsf\u00fchrung, er ist somit Tr\u00e4ger der Einrichtung. Damit \u00fcbernimmt er auch Arbeitgeberfunktion gegen\u00fcber unseren Mitarbeitern. Die Aufgaben der Vereinsf\u00fchrung sind wie folgt gegliedert:<\/p>\n<ol>\n<li>Finanzen<\/li>\n<li>Personal<\/li>\n<li>Haus und Garten<\/li>\n<li>Elternarbeit<\/li>\n<li>Schriftf\u00fchrung<\/li>\n<\/ol>\n<p>Weitere Themen werden durch Beisitzer abgedeckt.<\/p>\n<p>Alle 3 bis 4 Wochen findet eine f\u00fcr alle Vereinsmitglieder \u00f6ffentliche Vorstandssitzung statt. Teilnehmer sind neben dem Vorstand die Leitung des Kindergartens sowie ein Vertreter des Elternrates. Es k\u00f6nnen dar\u00fcber hinaus aber auch gerne andere Eltern an der Vorstandssitzung teilnehmen. In dieser Sitzung werden alle Rasselbanden-Aktionen und -Entscheidungen besprochen und demokratisch entschieden. Der Termin zur n\u00e4chsten Vorstandssitzung wird im aktuellen Sitzungsprotokoll bekanntgegeben.<\/p>\n","protected":false},"excerpt":{"rendered":"<p>Der Vorstand der Rasselbande ist ein von der Mitgliederversammlung gew\u00e4hltes Gremium. Er setzt sich aus 5 bis 7 aktiven Vereinsmitgliedern zusammen. Die Mitglieder werden f\u00fcr eine Amtszeit von 2 Jahren gew\u00e4hlt. Die Amtszeit der Vorst\u00e4nde ist so verteilt, dass immer nur bestimmte Personen\/\u00c4mter zur Neuwahl anstehen. Dies ist f\u00fcr den Kindergarten unerl\u00e4sslich, um eine m\u00f6glichst [&hellip;]<\/p>\n","protected":false},"author":1,"featured_media":0,"parent":0,"menu_order":3,"comment_status":"closed","ping_status":"closed","template":"","meta":[],"_links":{"self":[{"href":"https:\/\/rasselbande-burscheid.de\/index.php?rest_route=\/wp\/v2\/pages\/21"}],"collection":[{"href":"https:\/\/rasselbande-burscheid.de\/index.php?rest_route=\/wp\/v2\/pages"}],"about":[{"href":"https:\/\/rasselbande-burscheid.de\/index.php?rest_route=\/wp\/v2\/types\/page"}],"author":[{"embeddable":true,"href":"https:\/\/rasselbande-burscheid.de\/index.php?rest_route=\/wp\/v2\/users\/1"}],"replies":[{"embeddable":true,"href":"https:\/\/rasselbande-burscheid.de\/index.php?rest_route=%2Fwp%2Fv2%2Fcomments&post=21"}],"version-history":[{"count":27,"href":"https:\/\/rasselbande-burscheid.de\/index.php?rest_route=\/wp\/v2\/pages\/21\/revisions"}],"predecessor-version":[{"id":1970,"href":"https:\/\/rasselbande-burscheid.de\/index.php?rest_route=\/wp\/v2\/pages\/21\/revisions\/1970"}],"wp:attachment":[{"href":"https:\/\/rasselbande-burscheid.de\/index.php?rest_route=%2Fwp%2Fv2%2Fmedia&parent=21"}],"curies":[{"name":"wp","href":"https:\/\/api.w.org\/{rel}","templated":true}]}}