{"id":236,"date":"2011-10-09T13:14:23","date_gmt":"2011-10-09T13:14:23","guid":{"rendered":"http:\/\/rasselbande-burscheid.de\/?page_id=236"},"modified":"2018-11-30T11:23:53","modified_gmt":"2018-11-30T11:23:53","slug":"elternrat","status":"publish","type":"page","link":"https:\/\/rasselbande-burscheid.de\/?page_id=236","title":{"rendered":"Elternrat"},"content":{"rendered":"<p>Der Elternrat ist ein von den Eltern gew\u00e4hltes Gremium, das die Anliegen von Eltern gegen\u00fcber den Erzieherinnen oder Vorstand vertritt. Wir sind auch daf\u00fcr da, bei Bedarf zwischen Eltern, Erzieherinnen und Vorstand zu vermitteln, und sind daf\u00fcr von allen Seiten ansprechbar. Allerdings ist das kaum mal n\u00f6tig. Das spricht f\u00fcr das konstruktive und gute Klima in unserem Kindergarten. Dar\u00fcber hinaus engagiert sich der Elternrat bei folgenden Aktivit\u00e4ten:<\/p>\n<ul>\n<li>Ausfl\u00fcge au\u00dferhalb der \u00d6ffnungszeit organisieren<\/li>\n<li>Beteiligung bei Bewerbungsgespr\u00e4chen in Absprache mit dem Vorstand<\/li>\n<li>Gestalten der Weihnachtsgr\u00fc\u00dfe f\u00fcr unsere SponsorInnen<\/li>\n<li>Delegierte zu den Vorstandssitzungen entsenden zur Unterst\u00fctzung der Kommunikation zwischen Eltern, Elternrat und Vorstand<\/li>\n<li>Einmal im Jahr Mitbestimmung im Kindergartenrat \u00fcber die Neuaufnahme von Kindern<\/li>\n<li>Geburtstags- und andere Geschenke f\u00fcr die Erzieherinnen organisieren<\/li>\n<li>Initiativen zum besseren Kennenlernen der Eltern, wie z.B. Elternfr\u00fchst\u00fcck, unterst\u00fctzen<\/li>\n<\/ul>\n","protected":false},"excerpt":{"rendered":"<p>Der Elternrat ist ein von den Eltern gew\u00e4hltes Gremium, das die Anliegen von Eltern gegen\u00fcber den Erzieherinnen oder Vorstand vertritt. Wir sind auch daf\u00fcr da, bei Bedarf zwischen Eltern, Erzieherinnen und Vorstand zu vermitteln, und sind daf\u00fcr von allen Seiten ansprechbar. Allerdings ist das kaum mal n\u00f6tig. Das spricht f\u00fcr das konstruktive und gute Klima [&hellip;]<\/p>\n","protected":false},"author":1,"featured_media":0,"parent":81,"menu_order":4,"comment_status":"closed","ping_status":"closed","template":"","meta":[],"_links":{"self":[{"href":"https:\/\/rasselbande-burscheid.de\/index.php?rest_route=\/wp\/v2\/pages\/236"}],"collection":[{"href":"https:\/\/rasselbande-burscheid.de\/index.php?rest_route=\/wp\/v2\/pages"}],"about":[{"href":"https:\/\/rasselbande-burscheid.de\/index.php?rest_route=\/wp\/v2\/types\/page"}],"author":[{"embeddable":true,"href":"https:\/\/rasselbande-burscheid.de\/index.php?rest_route=\/wp\/v2\/users\/1"}],"replies":[{"embeddable":true,"href":"https:\/\/rasselbande-burscheid.de\/index.php?rest_route=%2Fwp%2Fv2%2Fcomments&post=236"}],"version-history":[{"count":15,"href":"https:\/\/rasselbande-burscheid.de\/index.php?rest_route=\/wp\/v2\/pages\/236\/revisions"}],"predecessor-version":[{"id":1974,"href":"https:\/\/rasselbande-burscheid.de\/index.php?rest_route=\/wp\/v2\/pages\/236\/revisions\/1974"}],"up":[{"embeddable":true,"href":"https:\/\/rasselbande-burscheid.de\/index.php?rest_route=\/wp\/v2\/pages\/81"}],"wp:attachment":[{"href":"https:\/\/rasselbande-burscheid.de\/index.php?rest_route=%2Fwp%2Fv2%2Fmedia&parent=236"}],"curies":[{"name":"wp","href":"https:\/\/api.w.org\/{rel}","templated":true}]}}