{"id":37,"date":"2011-10-05T20:00:56","date_gmt":"2011-10-05T20:00:56","guid":{"rendered":"http:\/\/rasselbande-burscheid.de\/?page_id=37"},"modified":"2026-04-16T16:43:29","modified_gmt":"2026-04-16T16:43:29","slug":"stellenangebote","status":"publish","type":"page","link":"https:\/\/rasselbande-burscheid.de\/?page_id=37","title":{"rendered":"Stellenangebote"},"content":{"rendered":"<p>Wir bieten laufend <em><strong>Sch\u00fclerpraktika<\/strong><\/em> an.<\/p>\n<hr>\n<p><strong>\u00dcber uns<\/strong><br>Die Elterninitiative Rasselbande ist eine Kita mit 4 Gruppen f\u00fcr Kinder im Alter von 0 Jahren bis zum Schuleintritt. In den 40 Jahren ihres Bestehens konnte sich die p\u00e4dagogische Arbeit durch unser engagiertes stabiles \u201eStamm-Team\u201c stetig weiterentwickeln.<br>Unser Team besteht zurzeit aus 9 P\u00e4dagogischen Fachkr\u00e4ften, 1 Kinderpflegerin, 1 PIA -Auszubildende, 1 K\u00f6chin und 2 Alltagshelferinnen.<\/p>\n<p>Unsere Priorit\u00e4t ist es, Kindern einen Ort zu bieten, an dem sie sich zuhause f\u00fchlen und im Sinne unseres Leitbildes <strong>sicher und liebevoll wachsen<\/strong> k\u00f6nnen.<\/p>\n<hr>\n<p>Wir suchen zum n\u00e4chstm\u00f6glichen Zeitpunkt eine\/n<\/p>\n<p><strong>Erzieher\/in (m\/w\/d) \/ P\u00e4dagogische Fachkraft (w\/m\/d)<\/strong><\/p>\n<p>Unser p\u00e4dagogischer Alltag ist gepr\u00e4gt von vielf\u00e4ltigen Begegnungen. Willkommen sind uns dabei alle Menschen unabh\u00e4ngig von dem, was sie mitbringen, wie sie aussehen, reden, wo sie herkommen usw.<\/p>\n<p>Die Grundlage unserer Arbeit und unseres Bildungsauftrags sehen wir in den Kinderrechten. So nimmt das Thema Partizipation einen gro\u00dfen Stellenwert ein.<br>Die Kinder sind dabei den Erwachsenen gleichw\u00fcrdige Partner. Sie sollen sich in Demokratie \u00fcben und darin, ihre Rechte einzufordern.<br>Wir w\u00fcnschen uns, dass sie soziale Verantwortung f\u00fcr ihre Mitmenschen erlernen und eine nachhaltige Aufmerksamkeit f\u00fcr ihre Umwelt.<\/p>\n<p>Ihren Lernprozess gestalten die Kinder dabei zu einem gro\u00dfen Teil dadurch, dass er durch ihren eigenen inneren Impuls angetrieben wird. So m\u00f6chten wir den Kindern ein Umfeld schaffen, in dem sie mit Neugier auf die Dinge zugehen k\u00f6nnen, die sie gerade wissen m\u00f6chten.<\/p>\n<p><strong>Das sind Sie: <\/strong><\/p>\n<ul>\n<li>Sie sind Erzieher mit staatlicher Anerkennung (m\/w\/d)<\/li>\n<li>Sie finden sich mit ihren Werten in unserem oben zusammengefassten Leitbild wieder<\/li>\n<li>Sie m\u00f6chten mit Herz &amp; Verstand Kinder in ihrer Bildung und Entwicklung begleiten und f\u00f6rdern<\/li>\n<li>Sie sind offen und motiviert, sich in einem freundlichen Team f\u00fcr die Belange der Kinder zu engagieren<\/li>\n<li>Partizipation und Kinderrechte sind f\u00fcr sie selbstverst\u00e4ndlicher Bestandteil der p\u00e4dagogischen Arbeit<\/li>\n<li>Sie sehen eine enge Erziehungspartnerschaft als selbstverst\u00e4ndlich an und bereichernd f\u00fcr ihre Arbeit an<\/li>\n<li>Sie sind offen f\u00fcr vielf\u00e4ltige Aufgaben in unterschiedlichen Bildungsbereichen \u2022 Sie sind naturverbunden und an Nachhaltigkeit interessiert<\/li>\n<\/ul>\n<p><strong>Was wir Ihnen bieten: <\/strong><\/p>\n<ul>\n<li>Eine Konzeption, die die Rechte von Kindern in den Mittelpunkt stellt,<\/li>\n<li>Ein eingespieltes, liebevolles Mehrgenerationen-Team<\/li>\n<li>Einen professionellen Arbeitsplatz, den sie mitgestalten k\u00f6nnen<\/li>\n<li>Uns sind ebenso gern Berufsanf\u00e4nger willkommen wie Menschen, die auf eine langj\u00e4hrige Berufserfahrung zur\u00fcckgreifen k\u00f6nnen<\/li>\n<li>Kollegiales, famili\u00e4res Betriebsklima mit gemeinsamen Aktivit\u00e4ten<\/li>\n<li>Eine Haltung, die offen ist f\u00fcr die St\u00e4rken und Interessen jedes einzelnen Teammitglieds sowie dessen Ideen und Impulse<\/li>\n<li>Bezahlung nach TV\u00f6D<\/li>\n<li>30 Tage Urlaub sowie 2 Regenerationstage &#8211; 1 Woche Sommerschlie\u00dfung und zwischen Weihnachten und Neujahr. Die restlichen Urlaubstage zur freien Planung<\/li>\n<li>Betriebliche Altersvorsorge<\/li>\n<li>Guter Personalschl\u00fcssel &#8211; unser Ziel ist es, die Gruppen weiterhin mit 3 p\u00e4d. Fachkr\u00e4ften zu besetzen<\/li>\n<\/ul>\n<p>Bitte senden sie ihre Bewerbung per Email an<br><strong>Info@rasselbande-burscheid.de<\/strong><\/p>\n<p>F\u00fcr Fragen oder weitere Informationen erreichen sie uns hier:<br>Elterninitiative Rasselbande Burscheid e.V.<br>Pastor-L\u00f6h-Str. 56<br>51399 Burscheid<br>02174\/62032<br>www.rasselbande-burscheid.de<\/p>\n<p>Ihre Ansprechpartner sind:<br>Nicole M\u00f6nch &amp; Marion Vogelsang<\/p>\n<p><!-- Wir suchen einen \/ eine Erzieher\/in befristet in Vollzeit (39 Stunden) zum 1. August 2014: <a href=\"http:\/\/rasselbande-burscheid.de\/wp-content\/uploads\/2011\/10\/Stellenanzeige_Erzieherin_befristet.pdf\">Stellenanzeige als PDF ansehen<\/a> --><\/p>\n<p><!-- Momentan haben wir keine offenen Stellen zu besetzen. --><\/p>\n\n\n<p><\/p>\n\n\n\n<hr class=\"wp-block-separator aligncenter\"\/>\n\n\n\n<p><\/p>\n\n\n\n<p>Wir suchen zum n\u00e4chstm\u00f6glichen Zeitpunkt eine\/n<\/p>\n\n\n\n<p><strong>Erzieher\/in (m\/w\/d) \/ P\u00e4dagogische Fachkraft (w\/m\/d)<br>als Schwangerschaftsvertretung<\/strong>.<\/p>\n\n\n\n<p>Unser p\u00e4dagogischer Alltag ist gepr\u00e4gt von vielf\u00e4ltigen Begegnungen. Willkommen sind uns dabei alle Menschen unabh\u00e4ngig von dem, was sie mitbringen, wie sie aussehen, reden, wo sie herkommen usw.<\/p>\n\n\n\n<p>Die Grundlage unserer Arbeit und unseres Bildungsauftrags sehen wir in den Kinderrechten. So nimmt das Thema Partizipation einen gro\u00dfen Stellenwert ein.<br>Die Kinder sind dabei den Erwachsenen gleichw\u00fcrdige Partner. Sie sollen sich in Demokratie \u00fcben und darin, ihre Rechte einzufordern.<br>Wir w\u00fcnschen uns, dass sie soziale Verantwortung f\u00fcr ihre Mitmenschen erlernen und eine nachhaltige Aufmerksamkeit f\u00fcr ihre Umwelt.<\/p>\n\n\n\n<p>Ihren Lernprozess gestalten die Kinder dabei zu einem gro\u00dfen Teil dadurch, dass er durch ihren eigenen inneren Impuls angetrieben wird. So m\u00f6chten wir den Kindern ein Umfeld schaffen, in dem sie mit Neugier auf die Dinge zugehen k\u00f6nnen, die sie gerade wissen m\u00f6chten.<\/p>\n\n\n\n<p><strong>Das sind Sie:<\/strong><\/p>\n\n\n\n<ul><li>Sie sind Erzieher mit staatlicher Anerkennung (m\/w\/d)<\/li><li>Sie finden sich mit ihren Werten in unserem oben zusammengefassten Leitbild wieder<\/li><li>Sie m\u00f6chten mit Herz &amp; Verstand Kinder in ihrer Bildung und Entwicklung begleiten und f\u00f6rdern<\/li><li>Sie sind offen und motiviert, sich in einem freundlichen Team f\u00fcr die Belange der Kinder zu engagieren<\/li><li>Partizipation und Kinderrechte sind f\u00fcr sie selbstverst\u00e4ndlicher Bestandteil der p\u00e4dagogischen Arbeit<\/li><li>Sie sehen eine enge Erziehungspartnerschaft als selbstverst\u00e4ndlich an und bereichernd f\u00fcr ihre Arbeit an<\/li><li>Sie sind offen f\u00fcr vielf\u00e4ltige Aufgaben in unterschiedlichen Bildungsbereichen \u2022 Sie sind naturverbunden und an Nachhaltigkeit interessiert<\/li><\/ul>\n\n\n\n<p><strong>Was wir Ihnen bieten:<\/strong><\/p>\n\n\n\n<ul><li>Eine Konzeption, die die Rechte von Kindern in den Mittelpunkt stellt,<\/li><li>Ein eingespieltes, liebevolles Mehrgenerationen-Team<\/li><li>Einen professionellen Arbeitsplatz, den sie mitgestalten k\u00f6nnen<\/li><li>Uns sind ebenso gern Berufsanf\u00e4nger willkommen wie Menschen, die auf eine langj\u00e4hrige Berufserfahrung zur\u00fcckgreifen k\u00f6nnen<\/li><li>Kollegiales, famili\u00e4res Betriebsklima mit gemeinsamen Aktivit\u00e4ten<\/li><li>Eine Haltung, die offen ist f\u00fcr die St\u00e4rken und Interessen jedes einzelnen Teammitglieds sowie dessen Ideen und Impulse<\/li><li>Bezahlung nach TV\u00f6D<\/li><li>30 Tage Urlaub sowie 2 Regenerationstage &#8211; 1 Woche Sommerschlie\u00dfung und zwischen Weihnachten und Neujahr. Die restlichen Urlaubstage zur freien Planung<\/li><li>Betriebliche Altersvorsorge<\/li><li>Guter Personalschl\u00fcssel &#8211; unser Ziel ist es, die Gruppen weiterhin mit 3 p\u00e4d. Fachkr\u00e4ften zu besetzen<\/li><\/ul>\n\n\n\n<p>Bitte senden sie ihre Bewerbung per Email an<br><strong>Info@rasselbande-burscheid.de<\/strong><\/p>\n\n\n\n<p>F\u00fcr Fragen oder weitere Informationen erreichen sie uns hier:<br>Elterninitiative Rasselbande Burscheid e.V.<br>Pastor-L\u00f6h-Str. 56<br>51399 Burscheid<br>02174\/62032<br>www.rasselbande-burscheid.de<\/p>\n\n\n\n<p>Ihre Ansprechpartner sind:<br>Nicole M\u00f6nch &amp; Marion Vogelsang<\/p>\n","protected":false},"excerpt":{"rendered":"<p>Wir bieten laufend Sch\u00fclerpraktika an. \u00dcber unsDie Elterninitiative Rasselbande ist eine Kita mit 4 Gruppen f\u00fcr Kinder im Alter von 0 Jahren bis zum Schuleintritt. In den 40 Jahren ihres Bestehens konnte sich die p\u00e4dagogische Arbeit durch unser engagiertes stabiles \u201eStamm-Team\u201c stetig weiterentwickeln.Unser Team besteht zurzeit aus 9 P\u00e4dagogischen Fachkr\u00e4ften, 1 Kinderpflegerin, 1 PIA -Auszubildende, [&hellip;]<\/p>\n","protected":false},"author":1,"featured_media":0,"parent":9,"menu_order":4,"comment_status":"closed","ping_status":"closed","template":"","meta":[],"_links":{"self":[{"href":"https:\/\/rasselbande-burscheid.de\/index.php?rest_route=\/wp\/v2\/pages\/37"}],"collection":[{"href":"https:\/\/rasselbande-burscheid.de\/index.php?rest_route=\/wp\/v2\/pages"}],"about":[{"href":"https:\/\/rasselbande-burscheid.de\/index.php?rest_route=\/wp\/v2\/types\/page"}],"author":[{"embeddable":true,"href":"https:\/\/rasselbande-burscheid.de\/index.php?rest_route=\/wp\/v2\/users\/1"}],"replies":[{"embeddable":true,"href":"https:\/\/rasselbande-burscheid.de\/index.php?rest_route=%2Fwp%2Fv2%2Fcomments&post=37"}],"version-history":[{"count":56,"href":"https:\/\/rasselbande-burscheid.de\/index.php?rest_route=\/wp\/v2\/pages\/37\/revisions"}],"predecessor-version":[{"id":2137,"href":"https:\/\/rasselbande-burscheid.de\/index.php?rest_route=\/wp\/v2\/pages\/37\/revisions\/2137"}],"up":[{"embeddable":true,"href":"https:\/\/rasselbande-burscheid.de\/index.php?rest_route=\/wp\/v2\/pages\/9"}],"wp:attachment":[{"href":"https:\/\/rasselbande-burscheid.de\/index.php?rest_route=%2Fwp%2Fv2%2Fmedia&parent=37"}],"curies":[{"name":"wp","href":"https:\/\/api.w.org\/{rel}","templated":true}]}}