{"id":47,"date":"2011-10-05T20:02:01","date_gmt":"2011-10-05T20:02:01","guid":{"rendered":"http:\/\/rasselbande-burscheid.de\/?page_id=47"},"modified":"2020-03-09T20:12:45","modified_gmt":"2020-03-09T20:12:45","slug":"sternschnuppen","status":"publish","type":"page","link":"https:\/\/rasselbande-burscheid.de\/?page_id=47","title":{"rendered":"Kornblumen"},"content":{"rendered":"<p>Die Kornblumen- Gruppe setzt sich aus 25 Kindern zwischen 3 \u2013 6 Jahren zusammen. Drei Erzieherinnen betreuen die Kinder.<\/p>\n<p><strong>Der Betreuungsumfang in dieser Gruppe:<\/strong><\/p>\n<ul>\n<li>25 Std.\/ Woche (wahlweise mit Mittagessen)<\/li>\n<li>35 Std.\/ Woche ( mit Mittagessen )<\/li>\n<li>45 Std.\/ Woche ( mit Mittagessen )<\/li>\n<\/ul>\n<p>Ebenso wie in den anderen Gruppen legen die Erzieherinnen wert auf freies Spiel, angeleitete Angebote sowie gruppen\u00fcbergreifende Arbeit.<\/p>\n<p>Die Kolleginnen haben pro Woche einen festen Verantwortungsbereich, so dass alle Spielbereiche stetig begleitet werden.<\/p>\n<p>Gearbeitet wird zu situationsorientierten Themen, die sich aus dem Alltag der Kinder sowie dem Jahresablauf ergeben.<\/p>\n<p>Die Kornblumen praktizieren ein gleitendes Fr\u00fchst\u00fcck, welches w\u00f6chentlich von einer Kollegin betreut wird.<\/p>\n<ul>\n<li>Raumangebot:<\/li>\n<li>Gruppenraum<\/li>\n<li>Bauraum<\/li>\n<li>Rollenspielraum<\/li>\n<li>Waschraum<\/li>\n<\/ul>\n","protected":false},"excerpt":{"rendered":"<p>Die Kornblumen- Gruppe setzt sich aus 25 Kindern zwischen 3 \u2013 6 Jahren zusammen. Drei Erzieherinnen betreuen die Kinder. Der Betreuungsumfang in dieser Gruppe: 25 Std.\/ Woche (wahlweise mit Mittagessen) 35 Std.\/ Woche ( mit Mittagessen ) 45 Std.\/ Woche ( mit Mittagessen ) Ebenso wie in den anderen Gruppen legen die Erzieherinnen wert auf [&hellip;]<\/p>\n","protected":false},"author":1,"featured_media":0,"parent":1511,"menu_order":2,"comment_status":"closed","ping_status":"closed","template":"","meta":[],"_links":{"self":[{"href":"https:\/\/rasselbande-burscheid.de\/index.php?rest_route=\/wp\/v2\/pages\/47"}],"collection":[{"href":"https:\/\/rasselbande-burscheid.de\/index.php?rest_route=\/wp\/v2\/pages"}],"about":[{"href":"https:\/\/rasselbande-burscheid.de\/index.php?rest_route=\/wp\/v2\/types\/page"}],"author":[{"embeddable":true,"href":"https:\/\/rasselbande-burscheid.de\/index.php?rest_route=\/wp\/v2\/users\/1"}],"replies":[{"embeddable":true,"href":"https:\/\/rasselbande-burscheid.de\/index.php?rest_route=%2Fwp%2Fv2%2Fcomments&post=47"}],"version-history":[{"count":15,"href":"https:\/\/rasselbande-burscheid.de\/index.php?rest_route=\/wp\/v2\/pages\/47\/revisions"}],"predecessor-version":[{"id":2007,"href":"https:\/\/rasselbande-burscheid.de\/index.php?rest_route=\/wp\/v2\/pages\/47\/revisions\/2007"}],"up":[{"embeddable":true,"href":"https:\/\/rasselbande-burscheid.de\/index.php?rest_route=\/wp\/v2\/pages\/1511"}],"wp:attachment":[{"href":"https:\/\/rasselbande-burscheid.de\/index.php?rest_route=%2Fwp%2Fv2%2Fmedia&parent=47"}],"curies":[{"name":"wp","href":"https:\/\/api.w.org\/{rel}","templated":true}]}}