{"id":49,"date":"2011-10-05T20:02:14","date_gmt":"2011-10-05T20:02:14","guid":{"rendered":"http:\/\/rasselbande-burscheid.de\/?page_id=49"},"modified":"2020-03-09T20:13:06","modified_gmt":"2020-03-09T20:13:06","slug":"wuhlmause","status":"publish","type":"page","link":"https:\/\/rasselbande-burscheid.de\/?page_id=49","title":{"rendered":"G&auml;nsebl&uuml;mchen"},"content":{"rendered":"<p>Die G\u00e4nsebl\u00fcmchen-Gruppe ist, nach KiBiz, eine Gruppenform I.<br \/>\nDas bedeutet, dass in dieser Gruppe 10 Kinder im Alter von 0- 3 Jahren betreut werden.<br \/>\nVorgesehen laut KiBiz sind f\u00fcr die Betreuung 2 Fachkr\u00e4fte (Erzieherinnen). Durch unseren Personalschl\u00fcssel k\u00f6nnen wir jedoch gew\u00e4hrleisten, dass meistens eine 3. Kraft (Erzieherin, Praktikantin) die Kolleginnen unterst\u00fctzt.<\/p>\n<p>Grundlegend f\u00fcr diese Gruppe ist, die Entwicklung der Kleinkinder zu unterst\u00fctzen und zu f\u00f6rdern. Es werden Ihnen viele Spielanreize gegeben und ihre Selbst\u00e4ndigkeit und Neugier gef\u00f6rdert.<\/p>\n<p>Der Tagesablauf sieht viele Rituale und feste Strukturen vor, der den Kindern gr\u00f6\u00dftm\u00f6gliche Sicherheit und Vertrauen bietet.<\/p>\n<p>Die Betreuung ist individuell auf die Bed\u00fcrfnisse jedes einzelnen Kindes ausgerichtet, so dass z.B. Schlafens- und Essenszeiten nach Bedarf gehandhabt werden. Grundlegend f\u00fcr eine vertrauensvolle Basis ist die Eingew\u00f6hnungsphase, welche in enger Kooperation mit den Eltern geschieht und sich ganz nach dem Rhythmus des Kindes richtet.<\/p>\n<p>Mit drei Jahren erfolgt dann der Wechsel in eine unserer anderen Gruppen. Diese sind den Kindern mittlerweile durch gruppen\u00fcbergreifende Angebote und Aktionen bekannt und meist schon sehr vertraut.<\/p>\n<p>Das Raumangebot der G\u00e4nsebl\u00fcmchen:<br \/>\n&#8211; gro\u00dfer Gruppenraum mit K\u00fcchenzeile und verschiedenen Spielbereichen<br \/>\n&#8211; Schlafraum<br \/>\n&#8211; Nebenraum mit Kinderk\u00fcche,\u00a0Puppenecke und Schiff<br \/>\n&#8211; Waschraum mit Wickeltisch, Toiletten und Wellnessdusche<\/p>\n","protected":false},"excerpt":{"rendered":"<p>Die G\u00e4nsebl\u00fcmchen-Gruppe ist, nach KiBiz, eine Gruppenform I. Das bedeutet, dass in dieser Gruppe 10 Kinder im Alter von 0- 3 Jahren betreut werden. Vorgesehen laut KiBiz sind f\u00fcr die Betreuung 2 Fachkr\u00e4fte (Erzieherinnen). Durch unseren Personalschl\u00fcssel k\u00f6nnen wir jedoch gew\u00e4hrleisten, dass meistens eine 3. Kraft (Erzieherin, Praktikantin) die Kolleginnen unterst\u00fctzt. Grundlegend f\u00fcr diese Gruppe [&hellip;]<\/p>\n","protected":false},"author":1,"featured_media":0,"parent":1511,"menu_order":3,"comment_status":"closed","ping_status":"closed","template":"","meta":[],"_links":{"self":[{"href":"https:\/\/rasselbande-burscheid.de\/index.php?rest_route=\/wp\/v2\/pages\/49"}],"collection":[{"href":"https:\/\/rasselbande-burscheid.de\/index.php?rest_route=\/wp\/v2\/pages"}],"about":[{"href":"https:\/\/rasselbande-burscheid.de\/index.php?rest_route=\/wp\/v2\/types\/page"}],"author":[{"embeddable":true,"href":"https:\/\/rasselbande-burscheid.de\/index.php?rest_route=\/wp\/v2\/users\/1"}],"replies":[{"embeddable":true,"href":"https:\/\/rasselbande-burscheid.de\/index.php?rest_route=%2Fwp%2Fv2%2Fcomments&post=49"}],"version-history":[{"count":14,"href":"https:\/\/rasselbande-burscheid.de\/index.php?rest_route=\/wp\/v2\/pages\/49\/revisions"}],"predecessor-version":[{"id":2008,"href":"https:\/\/rasselbande-burscheid.de\/index.php?rest_route=\/wp\/v2\/pages\/49\/revisions\/2008"}],"up":[{"embeddable":true,"href":"https:\/\/rasselbande-burscheid.de\/index.php?rest_route=\/wp\/v2\/pages\/1511"}],"wp:attachment":[{"href":"https:\/\/rasselbande-burscheid.de\/index.php?rest_route=%2Fwp%2Fv2%2Fmedia&parent=49"}],"curies":[{"name":"wp","href":"https:\/\/api.w.org\/{rel}","templated":true}]}}