{"id":51,"date":"2011-10-05T20:02:23","date_gmt":"2011-10-05T20:02:23","guid":{"rendered":"http:\/\/rasselbande-burscheid.de\/?page_id=51"},"modified":"2020-03-09T20:13:26","modified_gmt":"2020-03-09T20:13:26","slug":"wichtel","status":"publish","type":"page","link":"https:\/\/rasselbande-burscheid.de\/?page_id=51","title":{"rendered":"Sonnenblumen"},"content":{"rendered":"<p>Die Sonnenblumen- Gruppe ist, nach KiBiz, eine Gruppenform II. Hierbei handelt es sich um 20 Kinder von 2- 6 Jahren.<br \/>\nIn der Sonnenblumen-Gruppe sind drei Erzieherinnen als feste Bezugspersonen eingesetzt. Die Stellen bei den Sonnenblumen sind aufgeteilt auf drei Teilzeitkr\u00e4fte, so dass immer zwei Kolleginnen gemeinsam f\u00fcr die Kinder da sind. Der Betreuungsumfang in dieser Gruppe:<\/p>\n<blockquote><p>&#8211; 25 Std.\/ Woche ( wahlweise mit Mittagessen)<br \/>\n&#8211; 35 Std.\/ Woche ( mit Mittagessen )<br \/>\n&#8211; 45 Std.\/ Woche ( mit Mittagessen )<\/p><\/blockquote>\n<p>Der Tagesablauf bei den Sonnenblumen sieht, wie in allen Gruppen, feste Rituale wie den Morgenkreis, Stuhlkreis, gemeinsames Fr\u00fchst\u00fcck, Turnen etc. vor. Au\u00dferdem haben die Kinder sowohl ausreichend Zeit zum freien Spiel als auch zu angeleiteten Angeboten, altersspezifischen Aktionen und das Spiel im Freien.<br \/>\nDas jeweilige Thema ergibt sich beim situationsorientierten Ansatz aus den Belangen, Interessen und Bed\u00fcrfnissen der Kinder und wird durch Beobachtungen der Kinder und Gespr\u00e4che mit ihnen erarbeitet. Zeitraum und Umfang der Angebote ergeben sich aus dem Interesse und Bedarf der Kinder an der jeweiligen Sache.<br \/>\nDurch viele gruppen\u00fcbergreifende Angebote pflegen wir den Kontakt aller Kinder und Erzieherinnen untereinander und bringen Abwechslung in das Erfahrungsfeld der Kinder.<\/p>\n<p>Das Raumangebot:<\/p>\n<p>&#8211; gro\u00dfer Gruppenraum mit K\u00fcchenzeile<\/p>\n<p>&#8211; Nebenraum &#8211; Traumzimmer mit Kuschelsofa<\/p>\n<p>&#8211;\u00a0Werkraum<\/p>\n<p>&#8211; Waschraum und Wickelbereich<\/p>\n","protected":false},"excerpt":{"rendered":"<p>Die Sonnenblumen- Gruppe ist, nach KiBiz, eine Gruppenform II. Hierbei handelt es sich um 20 Kinder von 2- 6 Jahren. In der Sonnenblumen-Gruppe sind drei Erzieherinnen als feste Bezugspersonen eingesetzt. Die Stellen bei den Sonnenblumen sind aufgeteilt auf drei Teilzeitkr\u00e4fte, so dass immer zwei Kolleginnen gemeinsam f\u00fcr die Kinder da sind. Der Betreuungsumfang in dieser [&hellip;]<\/p>\n","protected":false},"author":1,"featured_media":0,"parent":1511,"menu_order":4,"comment_status":"closed","ping_status":"closed","template":"","meta":[],"_links":{"self":[{"href":"https:\/\/rasselbande-burscheid.de\/index.php?rest_route=\/wp\/v2\/pages\/51"}],"collection":[{"href":"https:\/\/rasselbande-burscheid.de\/index.php?rest_route=\/wp\/v2\/pages"}],"about":[{"href":"https:\/\/rasselbande-burscheid.de\/index.php?rest_route=\/wp\/v2\/types\/page"}],"author":[{"embeddable":true,"href":"https:\/\/rasselbande-burscheid.de\/index.php?rest_route=\/wp\/v2\/users\/1"}],"replies":[{"embeddable":true,"href":"https:\/\/rasselbande-burscheid.de\/index.php?rest_route=%2Fwp%2Fv2%2Fcomments&post=51"}],"version-history":[{"count":11,"href":"https:\/\/rasselbande-burscheid.de\/index.php?rest_route=\/wp\/v2\/pages\/51\/revisions"}],"predecessor-version":[{"id":2009,"href":"https:\/\/rasselbande-burscheid.de\/index.php?rest_route=\/wp\/v2\/pages\/51\/revisions\/2009"}],"up":[{"embeddable":true,"href":"https:\/\/rasselbande-burscheid.de\/index.php?rest_route=\/wp\/v2\/pages\/1511"}],"wp:attachment":[{"href":"https:\/\/rasselbande-burscheid.de\/index.php?rest_route=%2Fwp%2Fv2%2Fmedia&parent=51"}],"curies":[{"name":"wp","href":"https:\/\/api.w.org\/{rel}","templated":true}]}}