{"id":53,"date":"2011-10-05T20:02:32","date_gmt":"2011-10-05T20:02:32","guid":{"rendered":"http:\/\/rasselbande-burscheid.de\/?page_id=53"},"modified":"2020-03-09T20:14:06","modified_gmt":"2020-03-09T20:14:06","slug":"ausengelande","status":"publish","type":"page","link":"https:\/\/rasselbande-burscheid.de\/?page_id=53","title":{"rendered":"Au\u00dfengel\u00e4nde"},"content":{"rendered":"<p>Ein Highlight ist sicher die riesige Au\u00dfenrutsche.<\/p>\n<p>Aber es gibt auch noch eine kleinere Rutsche, Schaukel, Krokodil &#8230; sehr viel Sand<\/p>\n<p>Seilpfad &#8211; H\u00e4ngebr\u00fccke &#8230; B\u00e4ume &#8230; der Wald ist direkt nebenan &#8230; Natur<\/p>\n<p>Nat\u00fcrlich gibt es auch\u00a0diverse Fahrzeuge, wie zum Beispiel Dreir\u00e4der, Roller, Fahrr\u00e4der, Traktoren und vieles mehr.<\/p>\n","protected":false},"excerpt":{"rendered":"<p>Ein Highlight ist sicher die riesige Au\u00dfenrutsche. Aber es gibt auch noch eine kleinere Rutsche, Schaukel, Krokodil &#8230; sehr viel Sand Seilpfad &#8211; H\u00e4ngebr\u00fccke &#8230; B\u00e4ume &#8230; der Wald ist direkt nebenan &#8230; Natur Nat\u00fcrlich gibt es auch\u00a0diverse Fahrzeuge, wie zum Beispiel Dreir\u00e4der, Roller, Fahrr\u00e4der, Traktoren und vieles mehr.<\/p>\n","protected":false},"author":1,"featured_media":0,"parent":0,"menu_order":5,"comment_status":"closed","ping_status":"closed","template":"","meta":[],"_links":{"self":[{"href":"https:\/\/rasselbande-burscheid.de\/index.php?rest_route=\/wp\/v2\/pages\/53"}],"collection":[{"href":"https:\/\/rasselbande-burscheid.de\/index.php?rest_route=\/wp\/v2\/pages"}],"about":[{"href":"https:\/\/rasselbande-burscheid.de\/index.php?rest_route=\/wp\/v2\/types\/page"}],"author":[{"embeddable":true,"href":"https:\/\/rasselbande-burscheid.de\/index.php?rest_route=\/wp\/v2\/users\/1"}],"replies":[{"embeddable":true,"href":"https:\/\/rasselbande-burscheid.de\/index.php?rest_route=%2Fwp%2Fv2%2Fcomments&post=53"}],"version-history":[{"count":7,"href":"https:\/\/rasselbande-burscheid.de\/index.php?rest_route=\/wp\/v2\/pages\/53\/revisions"}],"predecessor-version":[{"id":2010,"href":"https:\/\/rasselbande-burscheid.de\/index.php?rest_route=\/wp\/v2\/pages\/53\/revisions\/2010"}],"wp:attachment":[{"href":"https:\/\/rasselbande-burscheid.de\/index.php?rest_route=%2Fwp%2Fv2%2Fmedia&parent=53"}],"curies":[{"name":"wp","href":"https:\/\/api.w.org\/{rel}","templated":true}]}}