{"id":7,"date":"2011-10-05T19:56:21","date_gmt":"2011-10-05T19:56:21","guid":{"rendered":"http:\/\/rasselbande-burscheid.de\/?page_id=7"},"modified":"2018-07-15T12:34:44","modified_gmt":"2018-07-15T12:34:44","slug":"startseite","status":"publish","type":"page","link":"https:\/\/rasselbande-burscheid.de\/","title":{"rendered":"Die Rasselbande"},"content":{"rendered":"<p>Die Rasselbande ist ein Ort, an dem sich Kinder zwischen 3 Monaten bis zur Einschulung geborgen und wohl f\u00fchlen sollen. Sie werden in 4 Gruppen unterschiedlicher Struktur liebevoll betreut. Jedes Kind wird in seiner Pers\u00f6nlichkeit angenommen und gest\u00e4rkt. Durch genaues Beobachten setzen wir Erziehungsziele, um die individuelle, emotionale, soziale, motorische, sprachliche sowie k\u00f6rperliche Entwicklung jedes einzelnen Kindes zu f\u00f6rdern.<\/p>\n<p style=\"text-align: justify;\">Mit Einf\u00fchlungsverm\u00f6gen m\u00f6chten wir ein gegenseitiges Vertrauensverh\u00e4ltnis zwischen Kindern, Eltern und Erziehern aufbauen. Die RASSELBANDE f\u00f6rdert die gr\u00f6\u00dftm\u00f6gliche Selbst\u00e4ndigkeit und Eigeninitiative, das Erlernen sozialer Verhaltensmuster sowie ein partnerschaftliches und gleichberechtigtes Miteinander.<\/p>\n<p style=\"text-align: justify;\">Wir betreuen die Kinder nach einem ganzheitlichen Erziehungsansatz, in dem F\u00fcrsorge, emotionale W\u00e4rme, erzieherische Begleitung und spielerisches Lernen zusammengeh\u00f6ren.<\/p>\n<p style=\"text-align: justify;\"><span style=\"text-decoration: underline;\">Unsere \u00d6ffnungszeiten:<br \/>\n<\/span>Montag bis Donnerstag: \u00a07 Uhr &#8211; 17 Uhr<br \/>\nFreitag: 7 Uhr &#8211; 16 Uhr<\/p>\n","protected":false},"excerpt":{"rendered":"<p>Die Rasselbande ist ein Ort, an dem sich Kinder zwischen 3 Monaten bis zur Einschulung geborgen und wohl f\u00fchlen sollen. Sie werden in 4 Gruppen unterschiedlicher Struktur liebevoll betreut. Jedes Kind wird in seiner Pers\u00f6nlichkeit angenommen und gest\u00e4rkt. Durch genaues Beobachten setzen wir Erziehungsziele, um die individuelle, emotionale, soziale, motorische, sprachliche sowie k\u00f6rperliche Entwicklung jedes [&hellip;]<\/p>\n","protected":false},"author":1,"featured_media":0,"parent":0,"menu_order":1,"comment_status":"closed","ping_status":"closed","template":"","meta":[],"_links":{"self":[{"href":"https:\/\/rasselbande-burscheid.de\/index.php?rest_route=\/wp\/v2\/pages\/7"}],"collection":[{"href":"https:\/\/rasselbande-burscheid.de\/index.php?rest_route=\/wp\/v2\/pages"}],"about":[{"href":"https:\/\/rasselbande-burscheid.de\/index.php?rest_route=\/wp\/v2\/types\/page"}],"author":[{"embeddable":true,"href":"https:\/\/rasselbande-burscheid.de\/index.php?rest_route=\/wp\/v2\/users\/1"}],"replies":[{"embeddable":true,"href":"https:\/\/rasselbande-burscheid.de\/index.php?rest_route=%2Fwp%2Fv2%2Fcomments&post=7"}],"version-history":[{"count":49,"href":"https:\/\/rasselbande-burscheid.de\/index.php?rest_route=\/wp\/v2\/pages\/7\/revisions"}],"predecessor-version":[{"id":110,"href":"https:\/\/rasselbande-burscheid.de\/index.php?rest_route=\/wp\/v2\/pages\/7\/revisions\/110"}],"wp:attachment":[{"href":"https:\/\/rasselbande-burscheid.de\/index.php?rest_route=%2Fwp%2Fv2%2Fmedia&parent=7"}],"curies":[{"name":"wp","href":"https:\/\/api.w.org\/{rel}","templated":true}]}}